{"id":2466,"date":"2025-04-08T08:26:35","date_gmt":"2025-04-08T08:26:35","guid":{"rendered":"https:\/\/www.tibetgermany.de\/?page_id=2466"},"modified":"2025-04-12T14:29:09","modified_gmt":"2025-04-12T14:29:09","slug":"disclaimer","status":"publish","type":"page","link":"https:\/\/www.tibetgermany.de\/de\/disclaimer\/","title":{"rendered":"Privacy-Policy"},"content":{"rendered":"<p>[et_pb_section fb_built=&#8221;1&#8243; _builder_version=&#8221;4.24.3&#8243; _module_preset=&#8221;default&#8221; global_colors_info=&#8221;{}&#8221;][et_pb_row _builder_version=&#8221;4.24.3&#8243; _module_preset=&#8221;default&#8221; hover_enabled=&#8221;0&#8243; global_colors_info=&#8221;{}&#8221; width=&#8221;94%&#8221; sticky_enabled=&#8221;0&#8243;][et_pb_column type=&#8221;4_4&#8243; _builder_version=&#8221;4.24.3&#8243; _module_preset=&#8221;default&#8221; global_colors_info=&#8221;{}&#8221;][et_pb_text _builder_version=&#8221;4.24.3&#8243; _module_preset=&#8221;default&#8221; hover_enabled=&#8221;0&#8243; global_colors_info=&#8221;{}&#8221; sticky_enabled=&#8221;0&#8243;]<\/p>\n<header class=\"entry-header ast-no-thumbnail\">\n<h1 class=\"entry-title\" itemprop=\"headline\">Datenschutzerkl\u00e4rung<\/h1>\n<\/header>\n<div class=\"entry-content clear\" data-ast-blocks-layout=\"true\" itemprop=\"text\">\n<p><strong>Copyright &amp; Datenschutz<\/strong><\/p>\n<p><strong>Urheberrechtserkl\u00e4rung<\/strong><\/p>\n<p>Die Webseiten des Vereins der Tibeter in Deutschland und deren Inhalte unterliegen dem deutschen Leistungsschutz- und Urheberrecht. Jede vom Urheberrecht nicht zugelassene Verwertung bedarf vorheriger schriftlicher Zustimmung der Anbieter. Fotokopien oder Downloads von Web-Seiten d\u00fcrfen nur f\u00fcr den pers\u00f6nlichen, privaten und nicht-kommerziellen Gebrauch hergestellt werden.<\/p>\n<p><strong>Datenschutzerkl\u00e4rung<\/strong><\/p>\n<p>Wir freuen uns \u00fcber Ihr Interesse an unserem Online-Shop. Der Schutz Ihrer Privatsph\u00e4re ist f\u00fcr uns sehr wichtig. Nachstehend informieren wir Sie ausf\u00fchrlich \u00fcber den Umgang mit Ihren Daten. Es gelten europaweit die Vorgaben der\u00a0<a href=\"http:\/\/eur-lex.europa.eu\/legal-content\/DE\/TXT\/?uri=uriserv:OJ.L_.2016.119.01.0001.01.DEU\">EU-Datenschutz-Grundverordnung<\/a>\u00a0(im Folgenden DSGVO). Sollten Sie Fragen oder Anmerkungen zu dieser Datenschutzerkl\u00e4rung haben, k\u00f6nnen Sie diese jederzeit an die unter Ziffer 2 angegebene E-Mail-Adresse richten.<\/p>\n<p><strong>I. \u00dcberblick<\/strong><\/p>\n<p>In diesem Abschnitt der Datenschutzerkl\u00e4rung finden Sie Informationen zum Geltungsbereich, zum Verantwortlichen f\u00fcr die Datenverarbeitung, dessen Datenschutzbeauftragten und zur Datensicherheit.<\/p>\n<p><strong>1. Geltungsbereich<\/strong><\/p>\n<p>Die Datenverarbeitung durch den Verein der Tibeter in Deutschland e.V. kann im Wesentlichen in zwei Kategorien unterteilt werden<\/p>\n<p><strong>2. Verantwortlicher &amp; Datenschutzbeauftragter<\/strong><\/p>\n<p>Verantwortlicher f\u00fcr die Datenverarbeitung \u2013 also derjenige, der \u00fcber die Zwecke und Mittel der Verarbeitung von personenbezogenen Daten entscheidet \u2013 im Zusammenhang mit den oben genannten Aktivit\u00e4ten ist:<\/p>\n<p>Verein der Tibeter in Deutschland e.V.<\/p>\n<p>Grazer Damm 123<\/p>\n<p>12157 Berlin<\/p>\n<p>Deutschland<\/p>\n<p>Tel.: 01626853198<\/p>\n<p>E-Mail: vtd@tibetgermany.de<\/p>\n<p><strong>Kontakt zum Datenschutzbeauftragten<\/strong><\/p>\n<p>E-Mail: datenschutz@tibetgermany.de<\/p>\n<p><strong>3. Datensicherheit<\/strong><\/p>\n<p>Wir sind bem\u00fcht, Ihre personenbezogenen Daten durch Ergreifung aller technischen und organisatorischen M\u00f6glichkeiten so zu speichern, dass sie f\u00fcr Dritte nicht zug\u00e4nglich sind. Bei der Kommunikation per E-Mail kann die vollst\u00e4ndige Datensicherheit von uns nicht gew\u00e4hrleistet werden, sodass wir Ihnen bei vertraulichen Informationen den Postweg empfehlen.<\/p>\n<p>Ihre Daten werden verschl\u00fcsselt \u00fcbertragen. Das erkennen Sie auch an dem Symbol des verschlossenen Vorh\u00e4ngeschlosses in Ihrem Browser. Die Daten\u00fcbermittlung erfolgt nach zeitgem\u00e4\u00dfen Sicherheitsstandards \u00fcber eine SSL-Verbindung.<\/p>\n<p><strong>II. Die Datenverarbeitungen im Einzelnen<\/strong><\/p>\n<p>In diesem Abschnitt der Datenschutzerkl\u00e4rung informieren wir Sie im Detail \u00fcber die Verarbeitung personenbezogener Daten im Rahmen T\u00e4tigkeiten.<\/p>\n<p><strong>1. Allgemeines zu den Datenverarbeitungen<\/strong><\/p>\n<p>F\u00fcr alle nachstehend dargestellten Verarbeitungen gilt, soweit nichts anderes angegeben wird:<\/p>\n<p><strong>a. Keine Verpflichtung zur Bereitstellung<\/strong><\/p>\n<p>Es besteht weder eine vertragliche noch gesetzliche Pflicht zur Bereitstellung der personenbezogenen Daten. Sie sind nicht verpflichtet, Daten bereitzustellen.<\/p>\n<p><strong>b. Folgen der Nichtbereitstellung<\/strong><\/p>\n<p>Bei erforderlichen Daten (Daten, die bei der Eingabe als Pflichtangaben gekennzeichnet sind) hat die Nichtbereitstellung zur Folge, dass das betreffende Angebot nicht genutzt werden kann.<\/p>\n<p><strong>c. Einwilligung<\/strong><\/p>\n<p>In verschiedenen F\u00e4llen haben Sie die M\u00f6glichkeit, uns im Zusammenhang mit den nachstehend dargestellten Verarbeitungen auch (ggf. f\u00fcr einen Teil der Daten) Ihre Einwilligung in weitergehende Verarbeitungen zu erteilen. In diesem Fall informieren wir Sie im Zusammenhang mit der Abgabe der jeweiligen Einwilligungserkl\u00e4rung gesondert \u00fcber alle Modalit\u00e4ten und die Reichweite der Einwilligung und \u00fcber die Zwecke, die wir mit diesen Verarbeitungen verfolgen.<\/p>\n<p><strong>d. \u00dcbermittlung personenbezogener Daten an Drittl\u00e4nder<\/strong><\/p>\n<p>Eine \u00dcbermittlung an Drittl\u00e4nder kann \u00fcber Social-Plugins (Facebook, Twitter, Youtube, Google+, Instagram) stattfinden. Wenn wir Daten an Drittl\u00e4nder, d.h. L\u00e4nder au\u00dferhalb der Europ\u00e4ischen Union, \u00fcbermitteln, dann findet die \u00dcbermittlung ausschlie\u00dflich unter Einhaltung der gesetzlich geregelten Zul\u00e4ssigkeitsvoraussetzungen statt. Die Zul\u00e4ssigkeitsvoraussetzungen sind durch Art. 44 -49 DSGVO geregelt.<\/p>\n<p><strong>e. Hosting bei externen Dienstleistern<\/strong><\/p>\n<p>Unsere Datenverarbeitung erfolgt in weitem Umfang unter Einschaltung sog. Hosting-Dienstleister, die uns Speicherplatz und Verarbeitungskapazit\u00e4ten in ihren Rechenzentren zur Verf\u00fcgung stellen und nach unserer Weisung auch personenbezogene Daten in unserem Auftrag verarbeiten. Diese Dienstleister verarbeiten Daten entweder ausschlie\u00dflich in der EU oder wir haben mithilfe der\u00a0<a href=\"https:\/\/eur-lex.europa.eu\/legal-content\/DE\/ALL\/?uri=CELEX:32010D0087\">EU-Standarddatenschutzklauseln<\/a>\u00a0ein angemessenes Datenschutzniveau garantiert. N\u00e4here Details zu den dabei verarbeiteten Daten finden Sie unter Abschnitt II 2 a.<\/p>\n<p><strong>f. \u00dcbermittlung an staatliche Beh\u00f6rden<\/strong><\/p>\n<p>Wir \u00fcbermitteln personenbezogene Daten an staatliche Beh\u00f6rden (einschlie\u00dflich Strafverfolgungsbeh\u00f6rden), wenn dies zur Erf\u00fcllung einer rechtlichen Verpflichtung erforderlich ist, der wir unterliegen (Rechtsgrundlage: Art. 6 Abs. 1 c) DSGVO) oder es zur Geltendmachung, Aus\u00fcbung oder Verteidigung von Rechtsanspr\u00fcchen erforderlich ist (Rechtsgrundlage Art. 6 Abs. 1 f) DSGVO).<\/p>\n<p><strong>g. Speicherdauer<\/strong><\/p>\n<p>Wir speichern Ihre Daten nicht l\u00e4nger, als wir sie f\u00fcr die jeweiligen Verarbeitungszwecke ben\u00f6tigen. Sind die Daten f\u00fcr die Erf\u00fcllung vertraglicher oder gesetzlicher Pflichten nicht mehr erforderlich, werden diese regelm\u00e4\u00dfig gel\u00f6scht, es sei denn, deren befristete Aufbewahrung ist weiterhin notwendig. Gr\u00fcnde hierf\u00fcr k\u00f6nnen z.B. Folgende sein:<\/p>\n<p>Ebenso ist es uns m\u00f6glich Ihre Daten weiter bei uns zu speichern, wenn Sie hierf\u00fcr ausdr\u00fccklich Ihre Einwilligung erteilt haben.<\/p>\n<p><strong>h. Datenkategorien<\/strong><\/p>\n<p><strong>2. Aufruf der Webseite<\/strong><\/p>\n<p>Hier wird beschrieben, wie wir Ihre personenbezogenen Daten beim Aufrufen unserer Angebote verarbeiten. Besonders weisen wir darauf hin, dass die \u00dcbermittlung von Zugriffsdaten an externe Inhalteanbieter (siehe unter b.) aufgrund der technischen Funktionsweise der Informations\u00fcbertragung im Internet unumg\u00e4nglich ist.<\/p>\n<p><strong>a. Informationen zur Verarbeitung<\/strong><\/p>\n<p>Datenkategorie<\/p>\n<p>Zweckbestimmung<\/p>\n<p>Rechtsgrundlage<\/p>\n<p>Ggf. berechtigtes Interesse<\/p>\n<p>Speicherdauer<\/p>\n<p>Zugriffsdaten<\/p>\n<p>Verbindungsaufbau, Darstellung der Inhalte des Service, Entdeckung von Angriffen auf unsere Seite anhand ungew\u00f6hnlicher Aktivit\u00e4ten, Fehlerdiagnose<\/p>\n<p>Art. 6 Abs. 1 f) DSGVO<\/p>\n<p>ordnungsgem\u00e4\u00dfe Funktion der Services, Sicherheit von Daten und Abwicklungsprozessen, Verhinderung von Missbrauch, Verh\u00fctung von Sch\u00e4den durch Eingriffe in Informationssysteme<\/p>\n<p>7 Tage<\/p>\n<p><strong>b. Empf\u00e4nger der personenbezogenen Daten<\/strong><\/p>\n<p>Empf\u00e4ngerkategorie<\/p>\n<p>Betroffene Daten<\/p>\n<p>Rechtsgrundlage der \u00dcbermittlung<\/p>\n<p>Ggf. berechtigtes Interesse<\/p>\n<p>Externe Inhalteanbieter, die Inhalte (z.B. Bilder, Videos, eingebettete Postings aus sozialen Netzwerken, Werbebanner, Schriftarten, Updateinformationen) bereitstellen, die zur Anzeige des Service erforderlich sind<\/p>\n<p>Zugriffsdaten<\/p>\n<p>Auftragsverarbeitung (Art. 28 DSG-VO)<\/p>\n<p>\u00a0Hosting-Dienstleister<\/p>\n<p>Zugriffsdaten<\/p>\n<p>Auftragsverarbeitung (Art. 28 DSG-VO)<\/p>\n<p><strong>3. Kontaktaufnahme per E-Mail<\/strong><\/p>\n<p>Wie wir Ihre personenbezogenen Daten verarbeiten, wenn sie sich per E-Mail an uns wenden, finden sie hier:<\/p>\n<p><strong>a. Informationen zur Verarbeitung<\/strong><\/p>\n<p>Datenkategorie<\/p>\n<p>Zweckbestimmung<\/p>\n<p>Rechtsgrundlage<\/p>\n<p>Ggf. berechtigtes Interesse<\/p>\n<p>Speicherdauer<\/p>\n<p>Personenstammdaten,\u00a0 Kontaktdaten, Inhalte der E-Mail<\/p>\n<p>Bearbeitung von Anfragen<\/p>\n<p>Art. 6 Abs. 1 b), f)<\/p>\n<p>Bindung von anderen Interessenten, Verbesserung unsere Arbeit<\/p>\n<p>1 Jahr, Archivierung 10 Jahre<\/p>\n<p>\u00a0<strong>b. Empf\u00e4nger von personenbezogenen Daten<\/strong><\/p>\n<p>Empf\u00e4ngerkategorie<\/p>\n<p>Betroffene Daten<\/p>\n<p>Rechtsgrundlage der \u00dcbermittlung<\/p>\n<p>Ggf. berechtigtes Interesse<\/p>\n<p>E-Mail-Dienstleister<\/p>\n<p>Mailarchivierung-Dienstleister<\/p>\n<p>Alle unter a. genannten<\/p>\n<p>Auftragsverarbeitung (Art. 28 DSG-VO)<\/p>\n<p>\u00a0<strong>4. Formular Bestellung \/ Kundenregistrierung<\/strong><\/p>\n<p>Die folgenden Informationen beschreiben Ihnen, wie Ihre personenbezogenen Daten verarbeitet werden, wenn Sie eine Bestellung im Tibet-Online-Shop vornehmen bzw. sich als Kunde registrieren.<\/p>\n<p><strong>a. Informationen zur Verarbeitung<\/strong><\/p>\n<p>Datenkategorie<\/p>\n<p>Zweckbestimmung<\/p>\n<p>Rechtsgrundlage<\/p>\n<p>Ggf. berechtigtes Interesse<\/p>\n<p>Speicherdauer<\/p>\n<p>Personenstammdaten, Adressdaten, Kontaktdaten<\/p>\n<p>Abwicklung der Bestellung<\/p>\n<p>Art. 6 Abs. 1 b), f)<\/p>\n<p>\u00a010 Jahre<\/p>\n<p><strong>6. Tracking<\/strong><\/p>\n<p>Nachfolgend beschreiben wir, wie Ihre personenbezogenen Daten mithilfe von Tracking-Technologien zur Analyse und Optimierung unserer Angebote verarbeitet werden.<\/p>\n<p>Die Beschreibung der Trackingverfahren beinhaltet auch Informationen dazu, wie Sie die Datenverarbeitung verhindern oder ihr widersprechen k\u00f6nnen. Bitte beachten Sie, dass das sog. \u201eOpt-out\u201c, also die Ablehnung der Verarbeitung, in der Regel \u00fcber Cookies gespeichert wird. Wenn Sie unsere Angebote \u00fcber ein neues Endger\u00e4t oder in einem anderen Browser nutzen oder wenn Sie die von Ihrem Browser gesetzten Cookies gel\u00f6scht haben, m\u00fcssen Sie die Ablehnung erneut erkl\u00e4ren.<\/p>\n<p>Die dargestellten Trackingverfahren verarbeiten personenbezogene Daten nur in pseudonymer Form. Eine Verbindung mit einer konkreten, identifizierten nat\u00fcrlichen Person, also eine Zusammenf\u00fchrung der Daten mit Informationen \u00fcber den Tr\u00e4ger des Pseudonyms, findet nicht statt.<\/p>\n<p><strong>Tracking zur Analyse und Optimierung unserer Angebote und ihrer Nutzung<\/strong><\/p>\n<p><strong>Rechtsgrundlage der Verarbeitung<\/strong><\/p>\n<p>Einwilligung gem\u00e4\u00df Art. 6 Abs. 1 lit. a i. V. m. Art. 4 Nr. 11, 7 Abs. 3 DSGVO i.V.m. ErwGr 32, 40, 42, 43<\/p>\n<p><strong>Die eingesetzten Trackingverfahren im Einzelnen<\/strong><\/p>\n<p>Diese Website benutzt Google Analytics, einen Webanalysedienst der Google Inc. (www.google.de). Google Analytics verwendet Cookies, die auf Ihrem Computer gespeichert werden und die eine Analyse der Benutzung der Website erm\u00f6glichen. Die durch den Cookie erzeugten Informationen \u00fcber die Benutzung dieser Website werden i.d.R an einen Server von Google in den USA \u00fcbertragen und dort gespeichert. Im Falle der Aktivierung der IP-Anonymisierung auf dieser Webseite, wird die IP-Adresse von Google jedoch innerhalb von Mitgliedstaaten der Europ\u00e4ischen Union oder in anderen Vertragsstaaten des Abkommens \u00fcber den Europ\u00e4ischen Wirtschaftsraum gek\u00fcrzt. Nur in Ausnahmef\u00e4llen wird die volle IP-Adresse an einen Server von Google in den USA \u00fcbertragen und erst dort gek\u00fcrzt. Die IP-Anonymisierung ist auf dieser Website aktiv.<\/p>\n<p>Im Auftrag des Betreibers dieser Website wird Google die erhobenen Informationen verwenden, um die Nutzung der Website auszuwerten, um Reports \u00fcber die Websiteaktivit\u00e4ten zusammenzustellen und um weitere mit der Websitenutzung und der Internetnutzung verbundene Dienstleistungen gegen\u00fcber dem Websitebetreiber zu erbringen. Die im Rahmen von Google Analytics vom Browser \u00fcbermittelte IP-Adresse wird nicht mit anderen Daten von Google zusammengef\u00fchrt. Die Speicherung der Cookies kann durch eine entsprechende Einstellung der Browser-Software verhindert werden. Wir weisen jedoch darauf hin, dass in diesem Fall gegebenenfalls nicht alle Funktionen dieser Website vollumf\u00e4nglich nutzbar sind. Die Erfassung der durch das Cookie erzeugten und auf die Nutzung der Website bezogenen Daten (inkl. IP-Adresse) sowie die Verarbeitung dieser Daten durch Google kann verhindert werden, indem das unter diesem Link\u00a0<a href=\"https:\/\/tools.google.com\/dlpage\/gaoptout?hl=de\">verf\u00fcgbare Browser-Plugin heruntergeladen und installiert wird<\/a>.<\/p>\n<p>Die Erfassung durch Google Analytics kann ebenfalls durch Klick auf den folgenden Link verhindert werden. Es wird ein Opt-Out-Cookie gesetzt, der die zuk\u00fcnftige Erfassung Ihrer Daten beim Besuch dieser Website verhindert. Das Cookie muss erneut gesetzt werden, wenn die Browserdaten gel\u00f6scht werden.\u00a0<a href=\"https:\/\/tools.google.com\/dlpage\/gaoptout?hl=de\">Google Analytics deaktivieren<\/a><\/p>\n<p>N\u00e4here Informationen zu Nutzungsbedingungen und Datenschutz:\u00a0<a href=\"http:\/\/www.google.com\/analytics\/terms\/de.html\">http:\/\/www.google.com\/analytics\/terms\/de.html<\/a>\u00a0bzw. unter\u00a0<a href=\"https:\/\/www.google.de\/intl\/de\/policies\/\">https:\/\/www.google.de\/intl\/de\/policies\/<\/a>.<\/p>\n<p><strong>7. Newsletter<\/strong><\/p>\n<p>Wenn Sie sich zu unserem Newsletter anmelden, verwenden wir die hierf\u00fcr erforderlichen oder gesondert von Ihnen mitgeteilten Daten, um Ihnen regelm\u00e4\u00dfig unseren E-Mail-Newsletter aufgrund Ihrer Einwilligung gem\u00e4\u00df Art. 6 Abs. 1 S. 1 lit. a DSGVO zuzusenden.<\/p>\n<p>Die Abmeldung vom Newsletter ist jederzeit m\u00f6glich und kann entweder durch eine Nachricht an die unten beschriebene Kontaktm\u00f6glichkeit oder \u00fcber einen daf\u00fcr vorgesehenen Link im Newsletter erfolgen. Nach Abmeldung l\u00f6schen wir Ihre E-Mail-Adresse, soweit Sie nicht ausdr\u00fccklich in eine weitere Nutzung Ihrer Daten eingewilligt haben oder wir uns eine dar\u00fcber hinausgehende Datenverwendung vorbehalten, die gesetzlich erlaubt ist und \u00fcber die wir Sie in dieser Erkl\u00e4rung informieren.<\/p>\n<p><strong>8. Social Plug\u00adins von Facebook, Twitter, Youtube, Google+, Instagram<\/strong><\/p>\n<p>Auf unserer Website werden sogenannte Social Plugins der sozialen Netzwerke Facebook, des Microblogging-Dienstes Twitter und des Videodienstes Youtube verwendet. Diese Dienste werden von folgenden Unternehmen betrieben:<\/p>\n<p>Facebook Inc., 1601 S. California Ave, Palo Alto, CA 94304, USA;<\/p>\n<p>Twitter Inc., 1355 Market St, Suite 900, San Francisco, CA 94103, USA<\/p>\n<p>Google Inc., 1600 Amphitheatre Parkway, Mountain View, CA 94043, USA (Google+, Youtube)<\/p>\n<p>Instagram Inc., 1601 Willow Road, Menlo Park, CA, 94025, USA<\/p>\n<p>Wenn eine Seite unseres Webauftritts aufgerufen wird, die ein solches Plugin enth\u00e4lt, stellt der Browser ggf. eine direkte Verbindung zu den Servern dieser Unternehmen her. Inhalt des Plugins k\u00f6nnen vom jeweiligen Anbieter direkt an den Browser \u00fcbermittelt und in die Seite eingebunden werden. Durch die Einbindung der Plugins k\u00f6nnen die Anbieter Information erhalten, etwa, dass der Browser die entsprechende Seite unseres Webauftritts aufgerufen hat. Dies ist auch m\u00f6glich, wenn der Browsernutzer kein Profil bei dem entsprechenden sozialen Netzwerk besitzt oder nicht eingeloggt ist. Diese Information (einschlie\u00dflich der IP-Adresse) kann vom Browser direkt an einen Server des jeweiligen Anbieters (z. B. in die USA) \u00fcbermittelt und dort gespeichert werden. Ist der Browser bei einem der sozialen Netzwerke eingeloggt, k\u00f6nnen die Anbieter den Besuch der Website dem entsprechenden Profil z. B. auf Facebook bzw. Twitter unmittelbar zuordnen. Wenn mit den Plugins interagiert wird und zum Beispiel der \u201eGef\u00e4llt mir\u201c-Button bet\u00e4tigt wird, kann die entsprechende Information ebenfalls direkt an einen Server der Anbieter \u00fcbermittelt und dort gespeichert werden. Die Informationen werden au\u00dferdem ggf. in dem sozialen Netzwerk ver\u00f6ffentlicht und dort verbundenen Kontakten angezeigt. Zweck und Umfang der Datenerhebung und die weitere Verarbeitung und Nutzung der Daten durch die Anbieter sowie diesbez\u00fcglichen Rechte und Einstellungsm\u00f6glichkeiten zum Schutz der Privatsph\u00e4re k\u00f6nnen den Datenschutzhinweisen der Anbieter entnommen werden.<\/p>\n<p><a href=\"https:\/\/www.facebook.com\/policy.php\">Datenschutzhinweise von Facebook<\/a><\/p>\n<p><a href=\"https:\/\/twitter.com\/de\/privacy\">Datenschutzhinweise von Twitter<\/a><\/p>\n<p><a href=\"https:\/\/www.google.de\/intl\/de\/policies\/privacy\/\">Datenschutzhinweise von Google+ und Youtube<\/a><\/p>\n<p><a href=\"http:\/\/instagram.com\/about\/legal\/privacy\/\">Datenschutzhinweise von Instagram<\/a><\/p>\n<p>Um zu verhindern, dass Facebook, Twitter oder Google (Youtube) die \u00fcber unseren Webauftritt gesammelten Daten unmittelbar einem Profil in dem jeweiligen sozialen Netzwerk zuordnen werden, ist es empfehlenswert, sich vor dem Besuch dieser Website bei dem entsprechenden Netzwerk auszuloggen. Das Laden von Plugins kann mit Browser-Add-Ons verhindert werden, z. B. mit dem Skript-Blocker\u00a0<a href=\"https:\/\/noscript.net\/\">\u201eNoScript\u201c<\/a>. Wir bitten um Verst\u00e4ndnis, wenn in diesem Fall die Seite ggf. nicht im vorgesehenen Umfang funktioniert.<\/p>\n<p>Netiquette f\u00fcr unsere Social Media-Kan\u00e4le (PDF)<\/p>\n<p><strong>III. Betroffenenrechte<\/strong><\/p>\n<p><strong>1. Widerspruchsrecht<\/strong><\/p>\n<p>Verarbeiten wir Ihre personenbezogenen Daten, um Ihnen direkt per E-Mail oder Post mit Informationen zu unserer Arbeit zukommen zu lassen, so haben Sie das Recht, jederzeit mit Wirkung f\u00fcr die Zukunft Widerspruch gegen die Verarbeitung Sie betreffender personenbezogener Daten zu diesem Zwecke einzulegen.<\/p>\n<p>Sie haben au\u00dferdem das Recht, aus Gr\u00fcnden, die sich aus Ihrer besonderen Situation ergeben, jederzeit mit Wirkung f\u00fcr die Zukunft gegen die Verarbeitung Sie betreffender personenbezogener Daten, die gem\u00e4\u00df Art. 6 Abs. 1 Buchst. e) oder f) DSGVO erfolgt, Widerspruch einzulegen.<\/p>\n<p>Das Widerspruchsrecht k\u00f6nnen Sie nat\u00fcrlich kostenfrei aus\u00fcben.<\/p>\n<p>Sie k\u00f6nnen uns \u00fcber die unter I.2 genannten Kontaktdaten erreichen.<\/p>\n<p><strong>2. Auskunftsrecht<\/strong><\/p>\n<p>Sie haben das Recht zu erfahren, ob Sie betreffende personenbezogene Daten von uns verarbeitet werden, welche personenbezogenen Daten dies ggf. sind, sowie weitere Informationen gem\u00e4\u00df Art. 15 DSGVO.<\/p>\n<p><strong>3. Berichtigungsrecht<\/strong><\/p>\n<p>Sie haben das Recht, von uns unverz\u00fcglich die Berichtigung Sie betreffender unrichtiger personenbezogener Daten zu verlangen (Art. 16 DSGVO). Unter Ber\u00fccksichtigung der Zwecke der Verarbeitung haben Sie das Recht, die Vervollst\u00e4ndigung unvollst\u00e4ndiger personenbezogener Daten \u2013 auch mittels einer erg\u00e4nzenden Erkl\u00e4rung \u2013 zu verlangen.<\/p>\n<p><strong>4. Recht auf L\u00f6schung (\u201eRecht auf Vergessenwerden\u201c)<\/strong><\/p>\n<p>Sie haben das Recht, von uns zu verlangen, dass Sie betreffende personenbezogene Daten unverz\u00fcglich gel\u00f6scht werden, sofern einer der in Art. 17 Abs. 1 DSGVO genannten Gr\u00fcnde zutrifft und die Verarbeitung nicht f\u00fcr einen der in Art. 17 Abs. 3 DSGVO geregelten Zwecke erforderlich ist.<\/p>\n<p><strong>5. Recht auf Einschr\u00e4nkung der Verarbeitung<\/strong><\/p>\n<p>Sie sind berechtigt, eine Einschr\u00e4nkung bei der Verarbeitung Ihrer personenbezogenen Daten zu verlangen, wenn eine der in Art. 18 Abs. 1 Buchst. a) bis d) DSGVO geregelten Voraussetzungen gegeben ist.<\/p>\n<p><strong>6. Recht auf Daten\u00fcbertragbarkeit<\/strong><\/p>\n<p>Sie haben das Recht, die Sie betreffenden personenbezogenen Daten, die sie uns bereitgestellt haben, in einem strukturierten, g\u00e4ngigen und maschinenlesbaren Format zu erhalten. Weiterhin haben Sie das Recht diese Daten einem anderen Verantwortlichen ohne Behinderung durch uns zu \u00fcbermitteln oder zu erwirken, dass eine direkte \u00dcbermittlung durch uns geschieht, sofern dies technisch m\u00f6glich ist. Dies soll immer dann gelten, wenn die Grundlage der Datenverarbeitung die Einwilligung oder ein Vertrag ist und die Daten automatisiert verarbeitet werden. F\u00fcr nur in Papierform vorgehaltene Daten gilt dies demnach nicht.<\/p>\n<p><strong>7. Widerrufsrecht bei Einwilligung<\/strong><\/p>\n<p>Soweit die Verarbeitung auf Ihrer Einwilligung beruht, haben Sie das Recht, die Einwilligung jederzeit zu widerrufen. Die Rechtm\u00e4\u00dfigkeit der aufgrund der Einwilligung bis zum Widerruf erfolgten Verarbeitung wird dadurch nicht ber\u00fchrt.<\/p>\n<\/div>\n<p>[\/et_pb_text][\/et_pb_column][\/et_pb_row][\/et_pb_section]<\/p>\n","protected":false},"excerpt":{"rendered":"<p>Datenschutzerkl\u00e4rung Copyright &amp; Datenschutz Urheberrechtserkl\u00e4rung Die Webseiten des Vereins der Tibeter in Deutschland und deren Inhalte unterliegen dem deutschen Leistungsschutz- und Urheberrecht. Jede vom Urheberrecht nicht zugelassene Verwertung bedarf vorheriger schriftlicher Zustimmung der Anbieter. Fotokopien oder Downloads von Web-Seiten d\u00fcrfen nur f\u00fcr den pers\u00f6nlichen, privaten und nicht-kommerziellen Gebrauch hergestellt werden. Datenschutzerkl\u00e4rung Wir freuen uns \u00fcber [&hellip;]<\/p>\n","protected":false},"author":1,"featured_media":0,"parent":0,"menu_order":0,"comment_status":"closed","ping_status":"closed","template":"","meta":{"give_campaign_id":0,"_et_pb_use_builder":"on","_et_pb_old_content":"","_et_gb_content_width":"","_price":"","_stock":"","_tribe_ticket_header":"","_tribe_default_ticket_provider":"","_tribe_ticket_capacity":"0","_ticket_start_date":"","_ticket_end_date":"","_tribe_ticket_show_description":"","_tribe_ticket_show_not_going":false,"_tribe_ticket_use_global_stock":"","_tribe_ticket_global_stock_level":"","_global_stock_mode":"","_global_stock_cap":"","_tribe_rsvp_for_event":"","_tribe_ticket_going_count":"","_tribe_ticket_not_going_count":"","_tribe_tickets_list":"[]","_tribe_ticket_has_attendee_info_fields":false,"footnotes":"","_tec_slr_enabled":"","_tec_slr_layout":""},"class_list":["post-2466","page","type-page","status-publish","hentry"],"campaignId":"0","ticketed":false,"_links":{"self":[{"href":"https:\/\/www.tibetgermany.de\/de\/wp-json\/wp\/v2\/pages\/2466","targetHints":{"allow":["GET"]}}],"collection":[{"href":"https:\/\/www.tibetgermany.de\/de\/wp-json\/wp\/v2\/pages"}],"about":[{"href":"https:\/\/www.tibetgermany.de\/de\/wp-json\/wp\/v2\/types\/page"}],"author":[{"embeddable":true,"href":"https:\/\/www.tibetgermany.de\/de\/wp-json\/wp\/v2\/users\/1"}],"replies":[{"embeddable":true,"href":"https:\/\/www.tibetgermany.de\/de\/wp-json\/wp\/v2\/comments?post=2466"}],"version-history":[{"count":5,"href":"https:\/\/www.tibetgermany.de\/de\/wp-json\/wp\/v2\/pages\/2466\/revisions"}],"predecessor-version":[{"id":2807,"href":"https:\/\/www.tibetgermany.de\/de\/wp-json\/wp\/v2\/pages\/2466\/revisions\/2807"}],"wp:attachment":[{"href":"https:\/\/www.tibetgermany.de\/de\/wp-json\/wp\/v2\/media?parent=2466"}],"curies":[{"name":"wp","href":"https:\/\/api.w.org\/{rel}","templated":true}]}}