{"id":2330,"date":"2025-04-06T15:46:01","date_gmt":"2025-04-06T15:46:01","guid":{"rendered":"https:\/\/www.tibetgermany.de\/?page_id=2330"},"modified":"2025-05-03T23:29:34","modified_gmt":"2025-05-03T23:29:34","slug":"unterstutzung","status":"publish","type":"page","link":"https:\/\/www.tibetgermany.de\/de\/unterstutzung\/","title":{"rendered":"Spenden"},"content":{"rendered":"<p>[et_pb_section fb_built=&#8221;1&#8243; _builder_version=&#8221;4.27.4&#8243; _module_preset=&#8221;default&#8221; global_colors_info=&#8221;{}&#8221;][et_pb_row _builder_version=&#8221;4.27.4&#8243; _module_preset=&#8221;default&#8221; width=&#8221;97%&#8221; global_colors_info=&#8221;{}&#8221;][et_pb_column type=&#8221;4_4&#8243; _builder_version=&#8221;4.27.4&#8243; _module_preset=&#8221;default&#8221; global_colors_info=&#8221;{}&#8221;][et_pb_image src=&#8221;https:\/\/www.tibetgermany.de\/wp-content\/uploads\/2024\/08\/School-children-from-Sengdruk-Tatkse-School.-Photo-The-Joru-Foundation-1920&#215;1080-1-1024&#215;576.jpg&#8221; alt=&#8221;School-children-from-Sengdruk-Tatkse-School.-Photo-The-Joru-Foundation&#8221; align=&#8221;center&#8221; force_fullwidth=&#8221;on&#8221; _builder_version=&#8221;4.27.4&#8243; _module_preset=&#8221;default&#8221; global_colors_info=&#8221;{}&#8221;][\/et_pb_image][\/et_pb_column][\/et_pb_row][et_pb_row _builder_version=&#8221;4.27.4&#8243; _module_preset=&#8221;default&#8221; custom_padding=&#8221;0px||3px||false|false&#8221; global_colors_info=&#8221;{}&#8221;][et_pb_column type=&#8221;4_4&#8243; _builder_version=&#8221;4.27.4&#8243; _module_preset=&#8221;default&#8221; global_colors_info=&#8221;{}&#8221;][et_pb_cta title=&#8221;SPENDEN SIE JETZT F\u00dcR TIBET&#8221; button_url=&#8221;https:\/\/www.tibetgermany.de\/?post_type=give_forms&#038;p=2651&#8243; button_text=&#8221;Jetzt Spenden&#8221; button_text_tablet=&#8221;Jetzt Spenden&#8221; button_text_phone=&#8221;Jetzt Spenden&#8221; button_text_last_edited=&#8221;on|desktop&#8221; _builder_version=&#8221;4.27.4&#8243; _module_preset=&#8221;default&#8221; header_level=&#8221;h3&#8243; header_text_color=&#8221;#000000&#8243; header_font_size=&#8221;22px&#8221; body_text_color=&#8221;#000000&#8243; body_font_size=&#8221;16px&#8221; background_enable_color=&#8221;off&#8221; custom_button=&#8221;on&#8221; button_text_color=&#8221;#E09900&#8243; button_bg_color=&#8221;#000000&#8243; button_border_color=&#8221;#000000&#8243; button_alignment=&#8221;center&#8221; min_height=&#8221;337.8px&#8221; custom_margin=&#8221;||-30px||false|false&#8221; header_text_color_tablet=&#8221;#000000&#8243; header_text_color_phone=&#8221;#000000&#8243; header_text_color_last_edited=&#8221;on|desktop&#8221; header_font_size_tablet=&#8221;22px&#8221; header_font_size_phone=&#8221;21px&#8221; header_font_size_last_edited=&#8221;on|phone&#8221; body_font_size_tablet=&#8221;15px&#8221; body_font_size_phone=&#8221;13px&#8221; body_font_size_last_edited=&#8221;on|phone&#8221; global_colors_info=&#8221;{%22gcid-bb3fdf10-a385-49b8-85ef-73df596b939a%22:%91%22background_color%22%93}&#8221;]<\/p>\n<div class=\"elementor-element elementor-element-a1ecc18 elementor-widget elementor-widget-text-editor\" data-id=\"a1ecc18\" data-element_type=\"widget\" data-widget_type=\"text-editor.default\">\n<div class=\"elementor-widget-container\">\n<h3><\/h3>\n<p class=\"elementor-widget-container\"><span style=\"color: #e09900;\">HERZLICHEN DANK<\/span><\/p>\n<p>VTD Bankverbindung<\/p>\n<p><span>Bank: Die Sparkasse Bremen\u00a0<\/span><\/p>\n<p><span>Konto Inhaber: Verein der Tibeter in Deutschland e.V.<\/span><\/p>\n<p><span>IBAN: DE05290501010083247676<\/span><\/p>\n<p><span>BIC: SBREDE22XXX<\/span><\/p>\n<\/div>\n<\/div>\n<p>[\/et_pb_cta][\/et_pb_column][\/et_pb_row][et_pb_row _builder_version=&#8221;4.27.4&#8243; _module_preset=&#8221;default&#8221; global_colors_info=&#8221;{}&#8221;][et_pb_column type=&#8221;4_4&#8243; _builder_version=&#8221;4.27.4&#8243; _module_preset=&#8221;default&#8221; global_colors_info=&#8221;{}&#8221;][et_pb_text _builder_version=&#8221;4.27.4&#8243; _module_preset=&#8221;default&#8221; text_font=&#8221;|600||on|||||&#8221; text_font_size=&#8221;16px&#8221; text_orientation=&#8221;center&#8221; custom_margin=&#8221;46px||||false|false&#8221; text_font_size_tablet=&#8221;16px&#8221; text_font_size_phone=&#8221;14px&#8221; text_font_size_last_edited=&#8221;on|desktop&#8221; global_colors_info=&#8221;{}&#8221;]<\/p>\n<h3><span>Seien Sie ein Freund von Tibet<\/span><\/h3>\n<p>[\/et_pb_text][et_pb_text _builder_version=&#8221;4.24.3&#8243; _module_preset=&#8221;default&#8221; width=&#8221;90%&#8221; module_alignment=&#8221;center&#8221; global_colors_info=&#8221;{}&#8221;]<\/p>\n<div class=\"elementor-element elementor-element-cc9b855 elementor-widget elementor-widget-text-editor\" data-id=\"cc9b855\" data-element_type=\"widget\" data-widget_type=\"text-editor.default\">\n<div class=\"elementor-widget-container\">\n<p style=\"text-align: center;\">Unterst\u00fctzen Sie Tibet und sichern Sie sich Ihr Blaues Buch noch heute!<\/p>\n<hr \/>\n<p><img loading=\"lazy\" decoding=\"async\" class=\"wp-image-1271 size-full alignnone\" src=\"https:\/\/tibetgermany.de\/wp-content\/uploads\/2024\/09\/Bluebook.png\" alt=\"\" width=\"1029\" height=\"557\" srcset=\"https:\/\/tibetgermany.de\/wp-content\/uploads\/2024\/09\/Bluebook.png 1029w, https:\/\/tibetgermany.de\/wp-content\/uploads\/2024\/09\/Bluebook-300x162.png 300w, https:\/\/tibetgermany.de\/wp-content\/uploads\/2024\/09\/Bluebook-1024x554.png 1024w, https:\/\/tibetgermany.de\/wp-content\/uploads\/2024\/09\/Bluebook-768x416.png 768w\" sizes=\"auto, (max-width: 1029px) 100vw, 1029px\" style=\"display: block; margin-left: auto; margin-right: auto;\" \/><\/p>\n<p><span>Die Tibetische Zentralverwaltung (CTA) zielt darauf ab, die Tibetfrage zu kl\u00e4ren und die tibetische Kultur sowie ihre einzigartigen buddhistischen Traditionen zu erhalten. Dies geschieht auf der Grundlage der von Seiner Heiligkeit dem Dalai Lama eingef\u00fchrten Politik des Mittleren Weges. Die Solidarit\u00e4t vieler Einzelpersonen, die freiwillig f\u00fcr die tibetische Sache gespendet haben, hat der gerechten Sache Tibets und der Unterst\u00fctzung der tibetischen Exilgemeinschaft erheblich genutzt.<\/span><\/p>\n<p><span>Das Projekt \u201cTibetan Solidarity Partnership\u201d, auch bekannt als \u201cBlaues Buch\u201d, wurde in Anlehnung an das \u201cGr\u00fcne Buch\u201d der tibetischen Freiheitsbewegung ins Leben gerufen. Es dokumentiert die gro\u00dfz\u00fcgigen Beitr\u00e4ge vieler Einzelpersonen zur Unterst\u00fctzung der Tibet-Frage. Das Projekt startete 1996 mit dem Ziel, Unterst\u00fctzung und Solidarit\u00e4t f\u00fcr die gerechte Sache Tibets von Menschen aus allen Gesellschaftsschichten zu mobilisieren.<\/span><\/p>\n<\/div>\n<\/div>\n<div class=\"elementor-element elementor-element-62bbcd2 elementor-widget elementor-widget-text-editor\" data-id=\"62bbcd2\" data-element_type=\"widget\" data-widget_type=\"text-editor.default\">\n<div class=\"elementor-widget-container\">\n<p><span>Wir sind auf Ihre fortlaufende Unterst\u00fctzung f\u00fcr die tibetische Angelegenheit angewiesen und laden Sie herzlich ein, unserem Solidarit\u00e4tsb\u00fcndnis freiwillig beizutreten, um Ihre Unterst\u00fctzung zu zeigen.<\/span><\/p>\n<p><span>Mitglieder, die einen Beitrag leisten m\u00f6chten, erhalten als Zeichen ihrer Solidarit\u00e4t ein Blaubuch, weshalb es auch als Blaues Buch-Projekt bekannt ist. Ihre Gro\u00dfz\u00fcgigkeit wird durch das Einkleben von farbigen Briefmarken, die Bilder verschiedener tibetischer Kultursch\u00e4tze zeigen und den Wert Ihrer Spende repr\u00e4sentieren, festgehalten.<\/span><\/p>\n<p><span>Die gesamten Spendenerl\u00f6se flie\u00dfen in die Unterst\u00fctzung diverser CTA-Projekte, die sich der Bildung tibetischer Kinder, der Revitalisierung tibetischer Fl\u00fcchtlingsgemeinschaften, der Bereitstellung von Gesundheitsdiensten und anderen sozialen Hilfen widmen.<\/span><\/p>\n<p><span>F\u00fcr weitere Informationen kontaktieren Sie bitte:<\/span><br \/><span>The Tibet Bureau, Place de la Navigation 10, CH-1201 Genf, SCHWEIZ<\/span><\/p>\n<p><span>Telefon: +41 22 738 79 40 (Erreichbarkeit: Montag bis Freitag von 09:00 bis 13:00 Uhr und von 14:00 bis 17:00 Uhr)<\/span><br \/><span>Fax: +41 22 738 79 41 E-Mail: info@tibetoffice.ch Webseite: <a href=\"https:\/\/www.tibetoffice.ch\" target=\"_blank\" rel=\"noopener\">www.tibetoffice.ch<\/a><\/span><\/p>\n<p><span><a href=\"https:\/\/www.tibetgermany.de\/wp-content\/uploads\/2025\/04\/BlueBook_Application.pdf\" target=\"_blank\" rel=\"noopener\">Download: Blaues Buch Anmeldung<\/a><\/span><\/p>\n<\/div>\n<\/div>\n<p>[\/et_pb_text][\/et_pb_column][\/et_pb_row][\/et_pb_section]<\/p>\n","protected":false},"excerpt":{"rendered":"<p>HERZLICHEN DANK VTD Bankverbindung Bank: Die Sparkasse Bremen\u00a0 Konto Inhaber: Verein der Tibeter in Deutschland e.V. IBAN: DE05290501010083247676 BIC: SBREDE22XXX Seien Sie ein Freund von Tibet Unterst\u00fctzen Sie Tibet und sichern Sie sich Ihr Blaues Buch noch heute! Die Tibetische Zentralverwaltung (CTA) zielt darauf ab, die Tibetfrage zu kl\u00e4ren und die tibetische Kultur sowie ihre [&hellip;]<\/p>\n","protected":false},"author":1,"featured_media":0,"parent":0,"menu_order":0,"comment_status":"closed","ping_status":"closed","template":"","meta":{"give_campaign_id":0,"_et_pb_use_builder":"on","_et_pb_old_content":"<!-- wp:divi\/placeholder \/-->","_et_gb_content_width":"","_price":"","_stock":"","_tribe_ticket_header":"","_tribe_default_ticket_provider":"","_tribe_ticket_capacity":"0","_ticket_start_date":"","_ticket_end_date":"","_tribe_ticket_show_description":"","_tribe_ticket_show_not_going":false,"_tribe_ticket_use_global_stock":"","_tribe_ticket_global_stock_level":"","_global_stock_mode":"","_global_stock_cap":"","_tribe_rsvp_for_event":"","_tribe_ticket_going_count":"","_tribe_ticket_not_going_count":"","_tribe_tickets_list":"[]","_tribe_ticket_has_attendee_info_fields":false,"footnotes":"","_tec_slr_enabled":"","_tec_slr_layout":""},"class_list":["post-2330","page","type-page","status-publish","hentry"],"campaignId":"","ticketed":false,"_links":{"self":[{"href":"https:\/\/www.tibetgermany.de\/de\/wp-json\/wp\/v2\/pages\/2330","targetHints":{"allow":["GET"]}}],"collection":[{"href":"https:\/\/www.tibetgermany.de\/de\/wp-json\/wp\/v2\/pages"}],"about":[{"href":"https:\/\/www.tibetgermany.de\/de\/wp-json\/wp\/v2\/types\/page"}],"author":[{"embeddable":true,"href":"https:\/\/www.tibetgermany.de\/de\/wp-json\/wp\/v2\/users\/1"}],"replies":[{"embeddable":true,"href":"https:\/\/www.tibetgermany.de\/de\/wp-json\/wp\/v2\/comments?post=2330"}],"version-history":[{"count":9,"href":"https:\/\/www.tibetgermany.de\/de\/wp-json\/wp\/v2\/pages\/2330\/revisions"}],"predecessor-version":[{"id":3008,"href":"https:\/\/www.tibetgermany.de\/de\/wp-json\/wp\/v2\/pages\/2330\/revisions\/3008"}],"wp:attachment":[{"href":"https:\/\/www.tibetgermany.de\/de\/wp-json\/wp\/v2\/media?parent=2330"}],"curies":[{"name":"wp","href":"https:\/\/api.w.org\/{rel}","templated":true}]}}