{"id":139,"date":"2025-04-03T13:32:11","date_gmt":"2025-04-03T13:32:11","guid":{"rendered":"https:\/\/www.tibetgermany.de\/?page_id=139"},"modified":"2025-04-08T12:10:43","modified_gmt":"2025-04-08T12:10:43","slug":"unsere-verein","status":"publish","type":"page","link":"https:\/\/www.tibetgermany.de\/de\/unsere-verein\/","title":{"rendered":"Unsere Verein"},"content":{"rendered":"<p>[et_pb_section fb_built=&#8221;1&#8243; custom_padding_last_edited=&#8221;on|phone&#8221; _builder_version=&#8221;4.24.3&#8243; _module_preset=&#8221;default&#8221; custom_margin_tablet=&#8221;&#8221; custom_margin_phone=&#8221;&#8221; custom_margin_last_edited=&#8221;on|phone&#8221; custom_padding=&#8221;23px||||false|false&#8221; custom_padding_tablet=&#8221;17px||||false|false&#8221; custom_padding_phone=&#8221;17px||||false|false&#8221; global_colors_info=&#8221;{}&#8221;][et_pb_row custom_padding_last_edited=&#8221;on|phone&#8221; _builder_version=&#8221;4.27.4&#8243; _module_preset=&#8221;default&#8221; width=&#8221;97%&#8221; custom_margin=&#8221;0px||0px||false|false&#8221; custom_padding=&#8221;0px||0px||true|false&#8221; custom_padding_tablet=&#8221;0px||0px||true|false&#8221; custom_padding_phone=&#8221;0px||0px||true|false&#8221; global_colors_info=&#8221;{}&#8221;][et_pb_column type=&#8221;4_4&#8243; _builder_version=&#8221;4.24.3&#8243; _module_preset=&#8221;default&#8221; global_colors_info=&#8221;{}&#8221;][et_pb_text _builder_version=&#8221;4.27.4&#8243; _module_preset=&#8221;default&#8221; header_2_font=&#8221;|||on|||||&#8221; header_2_text_align=&#8221;center&#8221; header_3_font=&#8221;|600|||||||&#8221; header_3_text_align=&#8221;center&#8221; header_3_font_size=&#8221;1.8rem&#8221; custom_margin=&#8221;||-2px|||&#8221; custom_margin_tablet=&#8221;||13px|||&#8221; custom_margin_phone=&#8221;||13px|||&#8221; custom_margin_last_edited=&#8221;on|phone&#8221; custom_padding=&#8221;18px||5px||false|false&#8221; custom_padding_tablet=&#8221;1px||1px||true|false&#8221; custom_padding_phone=&#8221;0px||0px||false|false&#8221; custom_padding_last_edited=&#8221;on|phone&#8221; hover_enabled=&#8221;0&#8243; header_font_size_tablet=&#8221;&#8221; header_font_size_phone=&#8221;&#8221; header_font_size_last_edited=&#8221;on|phone&#8221; header_3_font_size_tablet=&#8221;1.3rem&#8221; header_3_font_size_phone=&#8221;1rem&#8221; header_3_font_size_last_edited=&#8221;on|phone&#8221; border_width_all=&#8221;0px&#8221; global_colors_info=&#8221;{}&#8221; sticky_enabled=&#8221;0&#8243;]<\/p>\n<h3>History of VTD<\/h3>\n<p>[\/et_pb_text][et_pb_divider color=&#8221;#E09900&#8243; _builder_version=&#8221;4.27.4&#8243; _module_preset=&#8221;default&#8221; width=&#8221;23%&#8221; width_tablet=&#8221;31%&#8221; width_phone=&#8221;47%&#8221; width_last_edited=&#8221;on|phone&#8221; module_alignment=&#8221;center&#8221; custom_margin=&#8221;||0px||false|false&#8221; custom_margin_tablet=&#8221;||0px||false|false&#8221; custom_margin_phone=&#8221;||0px||false|false&#8221; custom_margin_last_edited=&#8221;on|phone&#8221; custom_padding=&#8221;0px||0px||true|false&#8221; animation_style=&#8221;slide&#8221; global_colors_info=&#8221;{}&#8221;][\/et_pb_divider][et_pb_image src=&#8221;https:\/\/www.tibetgermany.de\/wp-content\/uploads\/2025\/04\/Verein.jpeg&#8221; alt=&#8221;verein mitglieder&#8221; title_text=&#8221;Verein&#8221; force_fullwidth=&#8221;on&#8221; _builder_version=&#8221;4.27.4&#8243; _module_preset=&#8221;default&#8221; custom_padding_tablet=&#8221;&#8221; custom_padding_phone=&#8221;&#8221; custom_padding_last_edited=&#8221;on|tablet&#8221; global_colors_info=&#8221;{}&#8221;][\/et_pb_image][\/et_pb_column][\/et_pb_row][et_pb_row _builder_version=&#8221;4.27.4&#8243; _module_preset=&#8221;default&#8221; width=&#8221;90%&#8221; custom_padding=&#8221;0px||0px|0px|false|false&#8221; global_colors_info=&#8221;{}&#8221;][et_pb_column type=&#8221;4_4&#8243; _builder_version=&#8221;4.24.3&#8243; _module_preset=&#8221;default&#8221; global_colors_info=&#8221;{}&#8221;][et_pb_blurb alt=&#8221;VTD berlin&#8221; content_max_width=&#8221;80%&#8221; content_max_width_tablet=&#8221;545px&#8221; content_max_width_phone=&#8221;545px&#8221; content_max_width_last_edited=&#8221;on|tablet&#8221; _builder_version=&#8221;4.27.4&#8243; _module_preset=&#8221;default&#8221; header_font=&#8221;|600||on|||||&#8221; header_text_align=&#8221;center&#8221; custom_padding=&#8221;||0px||false|false&#8221; header_font_size_tablet=&#8221;&#8221; header_font_size_phone=&#8221;16px&#8221; header_font_size_last_edited=&#8221;on|phone&#8221; global_colors_info=&#8221;{}&#8221;]<\/p>\n<div>\n<p>&nbsp;<\/p>\n<p>Am 29.Dezember 1979 wurde in Hennef bei Bonn der Verein der Tibeter in Deutschland\u00a0e.V.\u00a0von den in Deutschland lebenden Tibeterinnen und Tibetern gegr\u00fcndet. \u00a0Initiatorin dieser Gr\u00fcndung war\u00a0Dalha Agyitsang<\/p>\n<p><strong>Zielsetzung<\/strong><\/p>\n<\/div>\n<div>\n<ul>\n<li>Pflege der tibetischen Kultur, Religion, Sprache, Sitten und Gebr\u00e4uche zur \u00a0Bewahrung der nationalen und kulturellen Eigenst\u00e4ndigkeit in der Situation des Exils<\/li>\n<li>F\u00f6rderung von Zusammenhalt, Informations- und Erfahrungsaustausch, Geselligkeit \u00a0und gegenseitiger Hilfe unter den Tibetern in Deutschland<\/li>\n<li>Aufkl\u00e4rung der \u00d6ffentlichkeit \u00fcber die politische Situation in Tibet und \u00fcber aktuelle \u00a0Entwicklungen<\/li>\n<li>Kommunikation mit der Regierung Tibets im Exil und Zusammenarbeit mit\u00a0internationalen tibetischen Organisationen, westlichen Unterst\u00fctzungsgruppen sowie\u00a0Austausch mit tibetologischen Lehr- und Forschungseinrichtungen<\/li>\n<li>Kritische Beobachtung der Berichterstattung der internationalen Presse sowie\u00a0chinesischer Meldungen \u00fcber Tibet einschlie\u00dflich des Vorbehalts presserechtlicher \u00a0Stellungnahmen.<\/li>\n<\/ul>\n<\/div>\n<p>Das Spektrum der Aktivit\u00e4ten des VTD wurde im Laufe der Jahre kontinuierlich erweitert und den Erfordernissen angepasst. Hierzu geh\u00f6rt unter anderem der Aufbau einer Website, in der neben Tibet relevanten geschichtlichen und politischen Informationen aktuelle Entwicklungen aufgegriffen werden. F\u00fcr den interessierten Leser finden sich neben eigenen Pressemitteilungen ausgew\u00e4hlte, teilweise \u00fcbersetzte Artikel aus der internationalen Presse, eine Mediathek, Hinweise auf Veranstaltungen sowie weiterf\u00fchrende Links.<\/p>\n<p>Der Erhalt und die F\u00f6rderung der tibetischen Sprache und Kultur als R\u00fcckgrat der nationalen\u00a0Identit\u00e4t sind ein zentraler Inhalt der Vereinsarbeit, der soweit in der Diaspora m\u00f6glich,\u00a0verwirklicht und gelebt wird. Dazu geh\u00f6rt unter anderem Tibetischunterricht f\u00fcr Kinder.<\/p>\n<p>In seiner politischen Arbeit f\u00fcr Freiheit und Menschenrechte des tibetischen Volkes wendet\u00a0sich der VTD mit Kundgebungen, Informationsschriften, Podiumsdiskussionen, Lesungen,\u00a0Stra\u00dfentheater, Mahnwachen, Friedensm\u00e4rschen und anderen Aktionen an die \u00d6ffentlichkeit.\u00a0Zur Intensivierung der Zusammenarbeit innerhalb des Vereins und zur Erh\u00f6hung der\u00a0Effektivit\u00e4t der Vereinsarbeit wurden 6 Regionalgruppen gegr\u00fcndet, die vor Ort\u00a0\u00d6ffentlichkeitsarbeit und vielf\u00e4ltige Aktivit\u00e4ten planen und durchf\u00fchren. Die Regional- und Vorstandsarbeit wird durch einen Beirat unterst\u00fctzt.<\/p>\n<p>Ein weiterer Schwerpunkt der Vereinsarbeit besteht in einer engagierten Mitgliedschaft in der\u00a0internationalen Tibetbewegung. Der Verein der Tibeter in Deutschland steht in engem\u00a0Austausch mit internationalen tibetischen Organisationen sowie mit nationalen und\u00a0internationalen Unterst\u00fctzungsgruppen. Er beteiligt sich aktiv an Zusammenk\u00fcnften und an\u00a0der gemeinsamen Planung und Durchf\u00fchrung politischer Kampagnen.<\/p>\n<p>Von 1982 bis 2007 war der VTD Herausgeber der unabh\u00e4ngigen Zeitschrift \u201eTibet-Forum\u201c.In dieser Fachzeitschrift wurden Beitr\u00e4ge zu vielseitigen Themenschwerpunkten aus Politik,\u00a0Kultur und Religion Tibets ver\u00f6ffentlicht. Sie wurde wegen ihres hohen Informationswertes\u00a0und einer Themenauswahl von aktueller Relevanz \u00fcber die Landesgrenzen hinaus gesch\u00e4tzt.\u00a0Seit 2009 ist der Verein der Tibeter in Deutschland im Tibet Gespr\u00e4chskreises des Deutschen\u00a0Bundestages vertreten.<\/p>\n<p><a href=\"http:\/\/www.tibetgermany.com\/\" target=\"_blank\" rel=\"noopener\">www.tibetgermany.de<\/a><\/p>\n<p>Am 27.M\u00e4rz 1982 gr\u00fcndete VTD zusammen mit einigen deutschen Freunden in K\u00f6nigswinter\u00a0die Deutsch- Tibetische Kulturgesellschaft e.V. (DTK). Initiator dieser Gr\u00fcndung war der damalige Vorsitzende des VTD Gonpo Ronge.<\/p>\n<p>Die Gr\u00fcndung erfolgte mit dem Ziel, das gegenseitige Verst\u00e4ndnis und freundschaftliche\u00a0Verh\u00e4ltnis zwischen dem deutschen und dem tibetischen Kulturkreis zu f\u00f6rdern. In\u00a0halbj\u00e4hrlich stattfindenden Vortagswochenenden informieren tibetische Gelehrte,\u00a0Tibetologen, Wissenschaftler verwandter Fachbereiche sowie K\u00fcnstler und Tibetreisende zu\u00a0ausgew\u00e4hlten Themen der tibetischen Religion, Geschichte und Kultur. Heute ist die Deutsch-Tibetische Kulturgesellschaft eine weithin bekannte Begegnungs- und Bildungsst\u00e4tte f\u00fcr\u00a0Menschen, die Interesse an der Kultur Tibets in Tradition und Moderne haben.<\/p>\n<p><a href=\"http:\/\/www.tibet-kultur.de\/\" target=\"_blank\" rel=\"noopener\">https:\/\/www.tibet-kultur.de<\/a><\/p>\n<p>Gemeinsam mit deutschen Tibet Unterst\u00fctzern gr\u00fcndete der VTD 1989 die\u00a0Tibet Initiative\u00a0Deutschland e.V. (TID).<\/p>\n<p>Initiator dieser Gr\u00fcndung war damalige Vorsitzende des VTD\u00a0Dr. med. Palden Tawo.<\/p>\n<p>Eine au\u00dferordentlich erfolgreiche Veranstaltung des VTD am 10. M\u00e4rz 1989 in Bonn zum Gedenken an den Volksaufstand vor 30 Jahren war die Geburtsstunde einer politischen Unterst\u00fctzergruppe f\u00fcr Tibet: Am 08. April 1989 wurde in Hennef-Uckerath \u2013 nach ausgiebigen gemeinsamen \u00dcberlegungen und Diskussionen \u00fcber Inhalte und Struktur \u2013 die Gr\u00fcndung der Tibet Initiative entschieden. Nach Abschluss aller vorbereitenden Arbeiten fand am 08.08.1989 in Bonn die formale Gr\u00fcndung<\/p>\n<p>Die Tibet Initiative Deutschland e. V. setzt sich f\u00fcr das Selbstbestimmungsrecht des tibetischen Volks und die Wahrung der Menschenrechte in Tibet ein. Sie unterst\u00fctzt die Tibeter in ihrem gewaltlosen Kampf f\u00fcr das \u00dcberleben der nationalen Identit\u00e4t, Kultur und geistig-religi\u00f6sen Tradition. Der Verein informiert \u00fcber die aktuelle Situation in Tibet, die tibetische Geschichte und die internationale Tibet-Politik. Er veranstaltet Demonstrationen, Mahnwachen und politische Aktionen. Er wendet sich an Vertreter der Politik, der Medien, der Wirtschaft und an Personen des \u00f6ffentlichen Lebens, um Unterst\u00fctzung f\u00fcr das tibetische Volk zu erreichen. Mit 60 Regionalgruppen und Kontaktstellen im Bundesgebiet und nahezu 2000 Mitgliedern ist die Tibet Initiative eine der gr\u00f6\u00dften Tibet-Unterst\u00fctzungsgruppen weltweit.<\/p>\n<p>Der Verein der Tibeter in Deutschland entsendet satzungsgem\u00e4\u00df einen Delegierten in den Vorstand der Tibet Initiative.<br \/><a href=\"http:\/\/www.tibet-initiative.de\/\" target=\"_blank\" rel=\"noopener\">www.tibet-initiative.de<\/a><\/p>\n<p>&nbsp;<\/p>\n<p>&nbsp;<\/p>\n<p>[\/et_pb_blurb][\/et_pb_column][\/et_pb_row][et_pb_row _builder_version=&#8221;4.24.3&#8243; _module_preset=&#8221;default&#8221; global_colors_info=&#8221;{}&#8221;][et_pb_column type=&#8221;4_4&#8243; _builder_version=&#8221;4.24.3&#8243; _module_preset=&#8221;default&#8221; global_colors_info=&#8221;{}&#8221;][et_pb_divider color=&#8221;#000000&#8243; divider_position=&#8221;bottom&#8221; _builder_version=&#8221;4.24.3&#8243; _module_preset=&#8221;default&#8221; width=&#8221;80%&#8221; module_alignment=&#8221;center&#8221; global_colors_info=&#8221;{}&#8221;][\/et_pb_divider][\/et_pb_column][\/et_pb_row][et_pb_row _builder_version=&#8221;4.24.3&#8243; _module_preset=&#8221;default&#8221; custom_margin=&#8221;11px||11px||true|false&#8221; custom_padding=&#8221;13px||13px||true|false&#8221; global_colors_info=&#8221;{}&#8221;][et_pb_column type=&#8221;4_4&#8243; _builder_version=&#8221;4.24.3&#8243; _module_preset=&#8221;default&#8221; global_colors_info=&#8221;{}&#8221;][et_pb_text _builder_version=&#8221;4.27.4&#8243; _module_preset=&#8221;default&#8221; header_2_font=&#8221;|||on|||||&#8221; header_2_text_align=&#8221;center&#8221; header_3_font=&#8221;|600||on|||||&#8221; header_3_text_align=&#8221;center&#8221; header_3_font_size=&#8221;24px&#8221; min_height=&#8221;41px&#8221; animation_style=&#8221;slide&#8221; header_3_font_size_tablet=&#8221;20px&#8221; header_3_font_size_phone=&#8221;18px&#8221; header_3_font_size_last_edited=&#8221;on|phone&#8221; global_colors_info=&#8221;{}&#8221;]<\/p>\n<h3>VTD- Regional Group<\/h3>\n<p>[\/et_pb_text][\/et_pb_column][\/et_pb_row][et_pb_row column_structure=&#8221;1_3,1_3,1_3&#8243; gutter_width=&#8221;3&#8243; _builder_version=&#8221;4.27.4&#8243; _module_preset=&#8221;default&#8221; width=&#8221;80%&#8221; custom_margin_tablet=&#8221;&#8221; custom_margin_phone=&#8221;&#8221; custom_margin_last_edited=&#8221;on|desktop&#8221; global_colors_info=&#8221;{}&#8221;][et_pb_column type=&#8221;1_3&#8243; _builder_version=&#8221;4.24.3&#8243; _module_preset=&#8221;default&#8221; global_colors_info=&#8221;{}&#8221;][et_pb_blurb title=&#8221;VTD- Berlin&#8221; image=&#8221;https:\/\/www.tibetgermany.de\/wp-content\/uploads\/2025\/04\/BER_1.jpg&#8221; alt=&#8221;VTD berlin&#8221; content_max_width=&#8221;545px&#8221; content_max_width_tablet=&#8221;545px&#8221; content_max_width_phone=&#8221;545px&#8221; content_max_width_last_edited=&#8221;on|tablet&#8221; _builder_version=&#8221;4.27.4&#8243; _module_preset=&#8221;default&#8221; header_font=&#8221;|600||on|||||&#8221; header_text_align=&#8221;center&#8221; header_font_size_tablet=&#8221;&#8221; header_font_size_phone=&#8221;16px&#8221; header_font_size_last_edited=&#8221;on|phone&#8221; custom_css_main_element=&#8221;align-self: center;&#8221; global_colors_info=&#8221;{}&#8221;][\/et_pb_blurb][et_pb_blurb title=&#8221;VTD- Nordrhein Westfalen&#8221; image=&#8221;https:\/\/www.tibetgermany.de\/wp-content\/uploads\/2025\/04\/BWB_1.jpg&#8221; alt=&#8221;VTD berlin&#8221; content_max_width=&#8221;545px&#8221; content_max_width_tablet=&#8221;545px&#8221; content_max_width_phone=&#8221;545px&#8221; content_max_width_last_edited=&#8221;on|tablet&#8221; _builder_version=&#8221;4.24.3&#8243; _module_preset=&#8221;default&#8221; header_font=&#8221;|600||on|||||&#8221; header_text_align=&#8221;center&#8221; header_font_size_tablet=&#8221;&#8221; header_font_size_phone=&#8221;16px&#8221; header_font_size_last_edited=&#8221;on|phone&#8221; locked=&#8221;off&#8221; global_colors_info=&#8221;{}&#8221;][\/et_pb_blurb][\/et_pb_column][et_pb_column type=&#8221;1_3&#8243; _builder_version=&#8221;4.24.3&#8243; _module_preset=&#8221;default&#8221; global_colors_info=&#8221;{}&#8221;][et_pb_blurb title=&#8221;VTD- Baden W\u00fcrthenberg&#8221; image=&#8221;https:\/\/www.tibetgermany.de\/wp-content\/uploads\/2025\/04\/NRW.png&#8221; alt=&#8221;VTD berlin&#8221; content_max_width=&#8221;545px&#8221; content_max_width_tablet=&#8221;545px&#8221; content_max_width_phone=&#8221;545px&#8221; content_max_width_last_edited=&#8221;on|tablet&#8221; _builder_version=&#8221;4.24.3&#8243; _module_preset=&#8221;default&#8221; header_font=&#8221;|600||on|||||&#8221; header_text_align=&#8221;center&#8221; header_font_size_tablet=&#8221;&#8221; header_font_size_phone=&#8221;16px&#8221; header_font_size_last_edited=&#8221;on|phone&#8221; locked=&#8221;off&#8221; global_colors_info=&#8221;{}&#8221;][\/et_pb_blurb][et_pb_blurb title=&#8221;VTD- Frankfurt&#8221; image=&#8221;https:\/\/www.tibetgermany.de\/wp-content\/uploads\/2025\/04\/Nord_1.jpg&#8221; alt=&#8221;VTD berlin&#8221; content_max_width=&#8221;545px&#8221; content_max_width_tablet=&#8221;545px&#8221; content_max_width_phone=&#8221;545px&#8221; content_max_width_last_edited=&#8221;on|tablet&#8221; _builder_version=&#8221;4.24.3&#8243; _module_preset=&#8221;default&#8221; header_font=&#8221;|600||on|||||&#8221; header_text_align=&#8221;center&#8221; header_font_size_tablet=&#8221;&#8221; header_font_size_phone=&#8221;16px&#8221; header_font_size_last_edited=&#8221;on|phone&#8221; locked=&#8221;off&#8221; global_colors_info=&#8221;{}&#8221;][\/et_pb_blurb][\/et_pb_column][et_pb_column type=&#8221;1_3&#8243; _builder_version=&#8221;4.24.3&#8243; _module_preset=&#8221;default&#8221; global_colors_info=&#8221;{}&#8221;][et_pb_blurb title=&#8221;VTD- Norddeutschland&#8221; image=&#8221;https:\/\/www.tibetgermany.de\/wp-content\/uploads\/2025\/04\/Nord.png&#8221; alt=&#8221;VTD berlin&#8221; content_max_width=&#8221;545px&#8221; content_max_width_tablet=&#8221;545px&#8221; content_max_width_phone=&#8221;545px&#8221; content_max_width_last_edited=&#8221;on|tablet&#8221; _builder_version=&#8221;4.24.3&#8243; _module_preset=&#8221;default&#8221; header_font=&#8221;|600||on|||||&#8221; header_text_align=&#8221;center&#8221; header_font_size_tablet=&#8221;&#8221; header_font_size_phone=&#8221;16px&#8221; header_font_size_last_edited=&#8221;on|phone&#8221; locked=&#8221;off&#8221; global_colors_info=&#8221;{}&#8221;][\/et_pb_blurb][et_pb_blurb title=&#8221;VTD- Bayern&#8221; image=&#8221;https:\/\/www.tibetgermany.de\/wp-content\/uploads\/2025\/04\/VTD-LogoWhite-bg-e1722549149593-qrzkce7lica6f065uan50v9hlhzswfx1abx0i992aw.jpg&#8221; alt=&#8221;VTD berlin&#8221; content_max_width=&#8221;545px&#8221; content_max_width_tablet=&#8221;545px&#8221; content_max_width_phone=&#8221;545px&#8221; content_max_width_last_edited=&#8221;on|tablet&#8221; _builder_version=&#8221;4.24.3&#8243; _module_preset=&#8221;default&#8221; header_font=&#8221;|600||on|||||&#8221; header_text_align=&#8221;center&#8221; header_font_size_tablet=&#8221;&#8221; header_font_size_phone=&#8221;16px&#8221; header_font_size_last_edited=&#8221;on|phone&#8221; locked=&#8221;off&#8221; global_colors_info=&#8221;{}&#8221;][\/et_pb_blurb][\/et_pb_column][\/et_pb_row][\/et_pb_section]<\/p>\n","protected":false},"excerpt":{"rendered":"<p>History of VTD &nbsp; Am 29.Dezember 1979 wurde in Hennef bei Bonn der Verein der Tibeter in Deutschland\u00a0e.V.\u00a0von den in Deutschland lebenden Tibeterinnen und Tibetern gegr\u00fcndet. \u00a0Initiatorin dieser Gr\u00fcndung war\u00a0Dalha Agyitsang Zielsetzung Pflege der tibetischen Kultur, Religion, Sprache, Sitten und Gebr\u00e4uche zur \u00a0Bewahrung der nationalen und kulturellen Eigenst\u00e4ndigkeit in der Situation des Exils F\u00f6rderung von [&hellip;]<\/p>\n","protected":false},"author":1,"featured_media":0,"parent":0,"menu_order":0,"comment_status":"closed","ping_status":"closed","template":"","meta":{"give_campaign_id":0,"_et_pb_use_builder":"on","_et_pb_old_content":"","_et_gb_content_width":"","_price":"","_stock":"","_tribe_ticket_header":"","_tribe_default_ticket_provider":"","_tribe_ticket_capacity":"0","_ticket_start_date":"","_ticket_end_date":"","_tribe_ticket_show_description":"","_tribe_ticket_show_not_going":false,"_tribe_ticket_use_global_stock":"","_tribe_ticket_global_stock_level":"","_global_stock_mode":"","_global_stock_cap":"","_tribe_rsvp_for_event":"","_tribe_ticket_going_count":"","_tribe_ticket_not_going_count":"","_tribe_tickets_list":"[]","_tribe_ticket_has_attendee_info_fields":false,"footnotes":"","_tec_slr_enabled":"","_tec_slr_layout":""},"class_list":["post-139","page","type-page","status-publish","hentry"],"campaignId":"","ticketed":false,"_links":{"self":[{"href":"https:\/\/www.tibetgermany.de\/de\/wp-json\/wp\/v2\/pages\/139","targetHints":{"allow":["GET"]}}],"collection":[{"href":"https:\/\/www.tibetgermany.de\/de\/wp-json\/wp\/v2\/pages"}],"about":[{"href":"https:\/\/www.tibetgermany.de\/de\/wp-json\/wp\/v2\/types\/page"}],"author":[{"embeddable":true,"href":"https:\/\/www.tibetgermany.de\/de\/wp-json\/wp\/v2\/users\/1"}],"replies":[{"embeddable":true,"href":"https:\/\/www.tibetgermany.de\/de\/wp-json\/wp\/v2\/comments?post=139"}],"version-history":[{"count":21,"href":"https:\/\/www.tibetgermany.de\/de\/wp-json\/wp\/v2\/pages\/139\/revisions"}],"predecessor-version":[{"id":2568,"href":"https:\/\/www.tibetgermany.de\/de\/wp-json\/wp\/v2\/pages\/139\/revisions\/2568"}],"wp:attachment":[{"href":"https:\/\/www.tibetgermany.de\/de\/wp-json\/wp\/v2\/media?parent=139"}],"curies":[{"name":"wp","href":"https:\/\/api.w.org\/{rel}","templated":true}]}}